{"id":13813,"date":"2015-12-21T15:20:30","date_gmt":"2015-12-21T15:20:30","guid":{"rendered":"https:\/\/www.bahia-cabarete.com\/from-puerto-plata-to-cabarete\/"},"modified":"2023-04-08T15:26:54","modified_gmt":"2023-04-08T15:26:54","slug":"desde-puerto-plata-a-cabarete","status":"publish","type":"page","link":"https:\/\/www.bahia-cabarete.com\/es\/desde-puerto-plata-a-cabarete\/","title":{"rendered":"Desde Puerto Plata a Cabarete"},"content":{"rendered":"<div id=\"pl-13813\"  class=\"panel-layout\" ><div id=\"pg-13813-0\"  class=\"panel-grid panel-no-style\" ><div id=\"pgc-13813-0-0\"  class=\"panel-grid-cell\" ><div id=\"panel-13813-0-0-0\" class=\"so-panel widget widget_black-studio-tinymce widget_black_studio_tinymce panel-first-child\" data-index=\"0\" ><div class=\"textwidget\"><p><a href=\"https:\/\/bahia-cabarete.com\/wp-content\/uploads\/2015\/12\/Getting-from-Puerto-Plata-to-Cabarete.jpg\"><img decoding=\"async\" class=\"alignnone size-medium wp-image-3208\" src=\"https:\/\/bahia-cabarete.com\/wp-content\/uploads\/2015\/12\/Getting-from-Puerto-Plata-to-Cabarete.jpg\" alt=\"Getting from Puerto Plata to Cabarete\" width=\"850\" height=\"585\" \/><\/a><\/p>\n<\/div><\/div><div id=\"panel-13813-0-0-1\" class=\"so-panel widget widget_black-studio-tinymce widget_black_studio_tinymce\" data-index=\"1\" ><h3 class=\"widget-title\">Transfer de aeropuerto<\/h3><div class=\"textwidget\"><p>La forma m\u00e1s f\u00e1cil de llegar desde Puerto Plata a Cabarete es en taxi. Bah\u00eda Residence puede organizar un taxista de confianza quien le recoge en el aeropuerto de Puerto Plata. El costo es de 35 d\u00f3lares por trayecto, que es el mismo precio que se paga cuando busca un taxi en el aeropuerto. El tiempo de viaje es de 25 minutos.<\/p>\n<\/div><\/div><div id=\"panel-13813-0-0-2\" class=\"so-panel widget widget_empty-space\" data-index=\"2\" ><div class=\"thim-widget-empty-space thim-widget-empty-space-base template-base\"><div class=\"empty_space\" style=\"height:15px\"><\/div><\/div><\/div><div id=\"panel-13813-0-0-3\" class=\"so-panel widget widget_black-studio-tinymce widget_black_studio_tinymce panel-last-child\" data-index=\"3\" ><h3 class=\"widget-title\">Aerol\u00edneas que vuelen a Puerto Plata<\/h3><div class=\"textwidget\"><h4>Desde Europa<\/h4>\n<ul>\n<li>Alemania \u2013 <a href=\"https:\/\/www.condor.com\/us\">Condor<\/a><\/li>\n<li>Polonia - <a href=\"https:\/\/www.lot.com\/pl\/en\">LOT<\/a><\/li>\n<li>Suiza - <a href=\"https:\/\/www.flyedelweiss.com\/ch\/en\/home.html\">Edelweiss<\/a><\/li>\n<\/ul>\n<p>&nbsp;<\/p>\n<h4>Desde America del Norte<\/h4>\n<ul>\n<li>Canada - <a href=\"https:\/\/www.airtransat.com\/en-CA\">AirTransat<\/a>\u00a0\/ <a href=\"https:\/\/www.sunwing.ca\/en\/\">Sunwing<\/a> \/ <a href=\"https:\/\/www.westjet.com\/\">WestJet<\/a><\/li>\n<li>US - <a href=\"https:\/\/www.aa.com\">American Airlines<\/a><\/li>\n<\/ul>\n<\/div><\/div><\/div><\/div><\/div>","protected":false},"excerpt":{"rendered":"<p>La forma m\u00e1s f\u00e1cil de llegar desde Puerto Plata a Cabarete es en taxi. Bah\u00eda Residence puede organizar un taxista de confianza quien le recoge en el aeropuerto de Puerto Plata. El costo es de 35 d\u00f3lares por trayecto, que es el mismo precio que se paga cuando busca un taxi en el aeropuerto. El [&hellip;]<\/p>\n","protected":false},"author":1,"featured_media":0,"parent":0,"menu_order":0,"comment_status":"closed","ping_status":"closed","template":"","meta":{"footnotes":""},"class_list":["post-13813","page","type-page","status-publish","hentry"],"_links":{"self":[{"href":"https:\/\/www.bahia-cabarete.com\/es\/wp-json\/wp\/v2\/pages\/13813","targetHints":{"allow":["GET"]}}],"collection":[{"href":"https:\/\/www.bahia-cabarete.com\/es\/wp-json\/wp\/v2\/pages"}],"about":[{"href":"https:\/\/www.bahia-cabarete.com\/es\/wp-json\/wp\/v2\/types\/page"}],"author":[{"embeddable":true,"href":"https:\/\/www.bahia-cabarete.com\/es\/wp-json\/wp\/v2\/users\/1"}],"replies":[{"embeddable":true,"href":"https:\/\/www.bahia-cabarete.com\/es\/wp-json\/wp\/v2\/comments?post=13813"}],"version-history":[{"count":0,"href":"https:\/\/www.bahia-cabarete.com\/es\/wp-json\/wp\/v2\/pages\/13813\/revisions"}],"wp:attachment":[{"href":"https:\/\/www.bahia-cabarete.com\/es\/wp-json\/wp\/v2\/media?parent=13813"}],"curies":[{"name":"wp","href":"https:\/\/api.w.org\/{rel}","templated":true}]}}