{"id":13819,"date":"2015-12-27T13:48:02","date_gmt":"2015-12-27T13:48:02","guid":{"rendered":"https:\/\/www.bahia-cabarete.com\/from-punta-cana-to-cabarete\/"},"modified":"2023-04-08T15:46:05","modified_gmt":"2023-04-08T15:46:05","slug":"desde-punta-cana-a-cabarete","status":"publish","type":"page","link":"https:\/\/www.bahia-cabarete.com\/es\/desde-punta-cana-a-cabarete\/","title":{"rendered":"Desde Punta Cana a Cabarete"},"content":{"rendered":"<div id=\"pl-13819\"  class=\"panel-layout\" ><div id=\"pg-13819-0\"  class=\"panel-grid panel-no-style\" ><div id=\"pgc-13819-0-0\"  class=\"panel-grid-cell\" ><div id=\"panel-13819-0-0-0\" class=\"so-panel widget widget_black-studio-tinymce widget_black_studio_tinymce panel-first-child\" data-index=\"0\" ><div class=\"textwidget\"><p><a href=\"https:\/\/bahia-cabarete.com\/wp-content\/uploads\/2015\/12\/Getting-from-Punta-Cana-to-Cabarete.jpg\"><img decoding=\"async\" class=\"alignnone size-medium wp-image-3208\" src=\"https:\/\/bahia-cabarete.com\/wp-content\/uploads\/2015\/12\/Getting-from-Punta-Cana-to-Cabarete.jpg\" alt=\"Getting from Punta Cana to Cabarete\" width=\"850\" height=\"585\" \/><\/a><\/p>\n<\/div><\/div><div id=\"panel-13819-0-0-1\" class=\"so-panel widget widget_black-studio-tinymce widget_black_studio_tinymce\" data-index=\"1\" ><h3 class=\"widget-title\">Transfer de aeropuerto<\/h3><div class=\"textwidget\"><p>La forma m\u00e1s r\u00e1pida y m\u00e1s f\u00e1cil de llegar desde Punta Cana a Cabarete es en taxi. Bah\u00eda Residence puede organizar que un taxista de confianza viene a buscarle en el aeropuerto de Punta Cana. Si viaja en un grupo, el costo de 400 d\u00f3lares para el viaje puede valer la pena. El viaje es de 5,5 horas.<\/p>\n<\/div><\/div><div id=\"panel-13819-0-0-2\" class=\"so-panel widget widget_empty-space\" data-index=\"2\" ><div class=\"thim-widget-empty-space thim-widget-empty-space-base template-base\"><div class=\"empty_space\" style=\"height:15px\"><\/div><\/div><\/div><div id=\"panel-13819-0-0-3\" class=\"so-panel widget widget_black-studio-tinymce widget_black_studio_tinymce panel-last-child\" data-index=\"3\" ><h3 class=\"widget-title\">Aerolineas con vuelos a Punta Cana<\/h3><div class=\"textwidget\"><h4>Desde los Caribe<\/h4>\n<ul>\n<li>Cuba - <a href=\"https:\/\/www.aerolineas.com.ar\">Aerolineas Argentinas<\/a><\/li>\n<li>Puerto Rico - <a href=\"https:\/\/www.jetblue.com\">JetBlue<\/a><\/li>\n<\/ul>\n<p>&nbsp;<\/p>\n<h4>Desde Europa<\/h4>\n<ul>\n<li>Alemania \u2013 <a href=\"https:\/\/www.condor.com\/us\">Condor\u00a0<\/a><\/li>\n<li>Belgica \u2013 <a href=\"https:\/\/www.tuifly.be\/en\">TuiFly<\/a><\/li>\n<li>Espa\u00f1a \u2013 <a href=\"https:\/\/www.aireuropa.com\">AirEuropa<\/a> \/ <a href=\"https:\/\/www.w2fly.es\/es-es\">World2Fly<\/a><\/li>\n<li>Francia \u2013 <a href=\"https:\/\/www.aircaraibes.com\">AirCaraibes<\/a><\/li>\n<li>Polonia - <a href=\"https:\/\/www.lot.com\/pl\/en\">LOT<\/a><\/li>\n<li>UK \u2013 <a href=\"https:\/\/www.britishairways.com\">BritishAirways<\/a> \/ <a href=\"https:\/\/www.tui.co.uk\">TUI\u00a0<\/a><\/li>\n<\/ul>\n<p>&nbsp;<\/p>\n<h4>Desde America Latina<\/h4>\n<ul>\n<li>Argentina - <a href=\"https:\/\/www.aerolineas.com.ar\">Aerolineas Argentinas<\/a><\/li>\n<li>Brasil - <a href=\"https:\/\/www.voegol.com.br\/en\">GOL <\/a><\/li>\n<li>Colombia - <a href=\"https:\/\/www.avianca.com\">Avianca<\/a> \/ <a href=\"https:\/\/www.wingo.com\/en\">Wingo<\/a><\/li>\n<li>Panama - <a href=\"http:\/\/www.copaair.com\" target=\"_blank\" rel=\"noopener\">copaair.com<\/a><\/li>\n<li>Peru - <a href=\"https:\/\/www.latamairlines.com\/cl\/es\">LATAM<\/a> \/ <a href=\"https:\/\/www.skyairline.com\/english\">SkyAirline<\/a><\/li>\n<\/ul>\n<p>&nbsp;<\/p>\n<h4>Desde America del Norte<\/h4>\n<ul>\n<li>Canada - <a href=\"https:\/\/www.aircanada.com\">AirCanada<\/a> \/ <a href=\"https:\/\/www.airtransat.com\">AirTransat<\/a> \/ <a href=\"https:\/\/www.sunwing.ca\">SunWing<\/a> \/ <a href=\"https:\/\/www.westjet.com\">WestJet<\/a><\/li>\n<li>US - <a href=\"https:\/\/www.aa.com\">American Airlines<\/a> \/ <a href=\"https:\/\/www.delta.com\/\">Delta<\/a> \/ <a href=\"https:\/\/www.flyfrontier.com\/\">Frontier<\/a> \/ <a href=\"https:\/\/www.jetblue.com\">JetBlue<\/a> \/ <a href=\"https:\/\/www.southwest.com\">SouthWest<\/a> \/ <a href=\"https:\/\/www.spirit.com\">Spirit<\/a> \/ <a href=\"https:\/\/www.suncountry.com\">SunCountry<\/a> \/ <a href=\"https:\/\/www.united.com\">United<\/a><\/li>\n<\/ul>\n<\/div><\/div><\/div><\/div><\/div>","protected":false},"excerpt":{"rendered":"<p>La forma m\u00e1s r\u00e1pida y m\u00e1s f\u00e1cil de llegar desde Punta Cana a Cabarete es en taxi. Bah\u00eda Residence puede organizar que un taxista de confianza viene a buscarle en el aeropuerto de Punta Cana. Si viaja en un grupo, el costo de 400 d\u00f3lares para el viaje puede valer la pena. El viaje es [&hellip;]<\/p>\n","protected":false},"author":1,"featured_media":0,"parent":0,"menu_order":0,"comment_status":"closed","ping_status":"closed","template":"","meta":{"footnotes":""},"class_list":["post-13819","page","type-page","status-publish","hentry"],"_links":{"self":[{"href":"https:\/\/www.bahia-cabarete.com\/es\/wp-json\/wp\/v2\/pages\/13819","targetHints":{"allow":["GET"]}}],"collection":[{"href":"https:\/\/www.bahia-cabarete.com\/es\/wp-json\/wp\/v2\/pages"}],"about":[{"href":"https:\/\/www.bahia-cabarete.com\/es\/wp-json\/wp\/v2\/types\/page"}],"author":[{"embeddable":true,"href":"https:\/\/www.bahia-cabarete.com\/es\/wp-json\/wp\/v2\/users\/1"}],"replies":[{"embeddable":true,"href":"https:\/\/www.bahia-cabarete.com\/es\/wp-json\/wp\/v2\/comments?post=13819"}],"version-history":[{"count":0,"href":"https:\/\/www.bahia-cabarete.com\/es\/wp-json\/wp\/v2\/pages\/13819\/revisions"}],"wp:attachment":[{"href":"https:\/\/www.bahia-cabarete.com\/es\/wp-json\/wp\/v2\/media?parent=13819"}],"curies":[{"name":"wp","href":"https:\/\/api.w.org\/{rel}","templated":true}]}}