{"id":13850,"date":"2015-12-21T17:07:10","date_gmt":"2015-12-21T17:07:10","guid":{"rendered":"https:\/\/www.bahia-cabarete.com\/from-santiago-to-cabarete\/"},"modified":"2023-04-08T15:24:26","modified_gmt":"2023-04-08T15:24:26","slug":"desde-santiago-a-cabarete","status":"publish","type":"page","link":"https:\/\/www.bahia-cabarete.com\/es\/desde-santiago-a-cabarete\/","title":{"rendered":"Desde Santiago a Cabarete"},"content":{"rendered":"<div id=\"pl-13850\"  class=\"panel-layout\" ><div id=\"pg-13850-0\"  class=\"panel-grid panel-no-style\" ><div id=\"pgc-13850-0-0\"  class=\"panel-grid-cell\" ><div id=\"panel-13850-0-0-0\" class=\"so-panel widget widget_black-studio-tinymce widget_black_studio_tinymce panel-first-child\" data-index=\"0\" ><div class=\"textwidget\"><p><a href=\"https:\/\/bahia-cabarete.com\/wp-content\/uploads\/2015\/12\/Getting-from-Santiago-to-Cabarete.jpg\"><img decoding=\"async\" class=\"alignnone size-medium wp-image-3206\" src=\"https:\/\/bahia-cabarete.com\/wp-content\/uploads\/2015\/12\/Getting-from-Santiago-to-Cabarete.jpg\" alt=\"Getting from Santiago to Cabarete\" width=\"850\" height=\"585\" \/><\/a><\/p>\n<\/div><\/div><div id=\"panel-13850-0-0-1\" class=\"so-panel widget widget_black-studio-tinymce widget_black_studio_tinymce\" data-index=\"1\" ><h3 class=\"widget-title\">Transfer del aeropuerto<\/h3><div class=\"textwidget\"><div class=\"textwidget\">\n<p><span id=\"result_box\" class=\"\" lang=\"es\"><span class=\"hps\">La forma m\u00e1s r\u00e1pida<\/span> <span class=\"hps\">para llegar desde<\/span> <span class=\"hps\">Santiago a<\/span> <span class=\"hps\">Cabarete<\/span> <span class=\"hps\">es en taxi<\/span>. <span class=\"hps\">Bah\u00eda<\/span> R<span class=\"hps\">esidence<\/span> <span class=\"hps\">puede organizar<\/span> que un taxista de confianza viene a recogerle desde el<span class=\"hps\"> aeropuerto de<\/span> <span class=\"hps\">Santiago<\/span><span class=\"hps\">.<\/span><br \/>\n<\/span><\/p>\n<p><span id=\"result_box\" class=\"\" lang=\"es\"><span class=\"hps\">El costo es de<\/span> <span class=\"hps\">100<\/span> <span class=\"hps\">d\u00f3lares<\/span> <span class=\"hps\">por trayecto<\/span><span class=\"\">, que es<\/span> el<span class=\"hps\"> mismo precio<\/span> <span class=\"hps\">que se paga<\/span> <span class=\"hps\">cuando busca<\/span> <span class=\"hps\">un taxi<\/span> <span class=\"hps\">en el aeropuerto.<\/span> <span class=\"hps\">El tiempo de viaje<\/span> <span class=\"hps\">es de una hora<\/span><span class=\"\">.<\/span><\/span><\/div>\n<\/div><\/div><div id=\"panel-13850-0-0-2\" class=\"so-panel widget widget_empty-space\" data-index=\"2\" ><div class=\"thim-widget-empty-space thim-widget-empty-space-base template-base\"><div class=\"empty_space\" style=\"height:15px\"><\/div><\/div><\/div><div id=\"panel-13850-0-0-3\" class=\"so-panel widget widget_black-studio-tinymce widget_black_studio_tinymce panel-last-child\" data-index=\"3\" ><h3 class=\"widget-title\">Aerolineas con vuelos a Santiago<\/h3><div class=\"textwidget\"><h4>Desde los Caribe<\/h4>\n<ul>\n<li>Puerto Rico - <a href=\"https:\/\/www.silverairways.com\">Silver<\/a> \/ <a href=\"https:\/\/www.spirit.com\">Spirit<\/a><\/li>\n<li>Turks &amp; Caicos - <a href=\"https:\/\/www.turksandcaicosflights.com\">CaicosExpress<\/a> \/ <a href=\"https:\/\/intercaribbean.com\/\">InterCaribbean<\/a><\/li>\n<\/ul>\n<p>&nbsp;<\/p>\n<h4>Desde Am\u00e9rica del Norte<\/h4>\n<ul>\n<li>US - <a href=\"https:\/\/www.aa.com\">AmericanAirlines<\/a>\u00a0\/ <a href=\"https:\/\/www.delta.com\">Delta<\/a>\u00a0\/ <a href=\"https:\/\/www.jetblue.com\">JetBlue<\/a>\u00a0\/ <a href=\"https:\/\/www.spirit.com\">Spirit<\/a>\u00a0\/ <a href=\"https:\/\/www.united.com\">United<\/a><\/li>\n<\/ul>\n<\/div><\/div><\/div><\/div><\/div>","protected":false},"excerpt":{"rendered":"<p>La forma m\u00e1s r\u00e1pida para llegar desde Santiago a Cabarete es en taxi. Bah\u00eda Residence puede organizar que un taxista de confianza viene a recogerle desde el aeropuerto de Santiago. El costo es de 100 d\u00f3lares por trayecto, que es el mismo precio que se paga cuando busca un taxi en el aeropuerto. El tiempo [&hellip;]<\/p>\n","protected":false},"author":1,"featured_media":0,"parent":0,"menu_order":0,"comment_status":"closed","ping_status":"closed","template":"","meta":{"footnotes":""},"class_list":["post-13850","page","type-page","status-publish","hentry"],"_links":{"self":[{"href":"https:\/\/www.bahia-cabarete.com\/es\/wp-json\/wp\/v2\/pages\/13850","targetHints":{"allow":["GET"]}}],"collection":[{"href":"https:\/\/www.bahia-cabarete.com\/es\/wp-json\/wp\/v2\/pages"}],"about":[{"href":"https:\/\/www.bahia-cabarete.com\/es\/wp-json\/wp\/v2\/types\/page"}],"author":[{"embeddable":true,"href":"https:\/\/www.bahia-cabarete.com\/es\/wp-json\/wp\/v2\/users\/1"}],"replies":[{"embeddable":true,"href":"https:\/\/www.bahia-cabarete.com\/es\/wp-json\/wp\/v2\/comments?post=13850"}],"version-history":[{"count":0,"href":"https:\/\/www.bahia-cabarete.com\/es\/wp-json\/wp\/v2\/pages\/13850\/revisions"}],"wp:attachment":[{"href":"https:\/\/www.bahia-cabarete.com\/es\/wp-json\/wp\/v2\/media?parent=13850"}],"curies":[{"name":"wp","href":"https:\/\/api.w.org\/{rel}","templated":true}]}}