{"id":13856,"date":"2015-12-21T18:49:11","date_gmt":"2015-12-21T18:49:11","guid":{"rendered":"https:\/\/www.bahia-cabarete.com\/from-santo-domingo-to-cabarete\/"},"modified":"2023-04-07T16:43:56","modified_gmt":"2023-04-07T16:43:56","slug":"desde-santo-domingo-a-cabarete","status":"publish","type":"page","link":"https:\/\/www.bahia-cabarete.com\/es\/desde-santo-domingo-a-cabarete\/","title":{"rendered":"Desde Santo Domingo a Cabarete"},"content":{"rendered":"<div id=\"pl-13856\"  class=\"panel-layout\" ><div id=\"pg-13856-0\"  class=\"panel-grid panel-no-style\" ><div id=\"pgc-13856-0-0\"  class=\"panel-grid-cell\" ><div id=\"panel-13856-0-0-0\" class=\"so-panel widget widget_black-studio-tinymce widget_black_studio_tinymce panel-first-child\" data-index=\"0\" ><div class=\"textwidget\"><p><a href=\"https:\/\/bahia-cabarete.com\/wp-content\/uploads\/2015\/12\/Getting-from-Santo-Domingo-to-Cabarete.jpg\"><img decoding=\"async\" src=\"https:\/\/bahia-cabarete.com\/wp-content\/uploads\/2015\/12\/Getting-from-Santo-Domingo-to-Cabarete.jpg\" alt=\"Getting from Santo Domingo to Cabarete\" width=\"850\" height=\"585\" class=\"alignnone size-medium wp-image-3207\" \/><\/a><\/p>\n<\/div><\/div><div id=\"panel-13856-0-0-1\" class=\"so-panel widget widget_black-studio-tinymce widget_black_studio_tinymce\" data-index=\"1\" ><h3 class=\"widget-title\">Transfer del aeropuerto<\/h3><div class=\"textwidget\"><div class=\"textwidget\">\n<p>Bahia Residence puede organisar un transfer desde el aeropuerto de Santo Domingo. El precio es 200USD, lo que es el mismo precio que cobran los taxistas en el aeropuerto. El tiempo de viaje es de 3,5 horas.<\/p>\n<p>Esa es la manera mas rapida, confortable y sencilla para ir desde Santo Domingo a Cabarete. Especialmente si viaja con varias personas el costo sera reducido.<\/p><\/div>\n<\/div><\/div><div id=\"panel-13856-0-0-2\" class=\"so-panel widget widget_empty-space\" data-index=\"2\" ><div class=\"thim-widget-empty-space thim-widget-empty-space-base template-base\"><div class=\"empty_space\" style=\"height:15px\"><\/div><\/div><\/div><div id=\"panel-13856-0-0-3\" class=\"so-panel widget widget_black-studio-tinymce widget_black_studio_tinymce\" data-index=\"3\" ><h3 class=\"widget-title\">Conexiones de autob\u00fas<\/h3><div class=\"textwidget\"><div class=\"textwidget\">\n<p>No hay una conexi\u00f3n directa del aeropuerto de Santo Domingo hasta Cabarete. Solo hay una conexi\u00f3n directa entre la estaci\u00f3n de bus de Santo Domingo a Sosua, un pueblo a 11km de Cabarete. Hay que ir en taxi desde el aeropuerto a la estaci\u00f3n de bus en Santo Domingo y en otra taxi desde Sosua a Cabarete.<\/p>\n<p>Desde Santo Domingo hay dos companias de bus que van a Sosua: <a href=\"http:\/\/www.caribetours.com.do\/\" target=\"_blank\" rel=\"noopener\">Caribe Tours<\/a> y <a href=\"http:\/\/metroserviciosturisticos.com\/\" target=\"_blank\" rel=\"noopener\">Metro Tours<\/a>.<\/p>\n<p>Cada compa\u00f1\u00eda tiene su propio estaci\u00f3n de bus asi que hay que especificar al taxista al cual quiere ir. El tiempo de viaje de la estaci\u00f3n de bus en Santo Domingo hasta Sosua es aproximadamente cinco horas.<\/p><\/div>\n<\/div><\/div><div id=\"panel-13856-0-0-4\" class=\"so-panel widget widget_empty-space\" data-index=\"4\" ><div class=\"thim-widget-empty-space thim-widget-empty-space-base template-base\"><div class=\"empty_space\" style=\"height:15px\"><\/div><\/div><\/div><div id=\"panel-13856-0-0-5\" class=\"so-panel widget widget_black-studio-tinymce widget_black_studio_tinymce panel-last-child\" data-index=\"5\" ><h3 class=\"widget-title\">Aerolineas con vuelos a Santo Domingo<\/h3><div class=\"textwidget\"><h4>Desde los Caribe<\/h4>\n<ul>\n<li>Anguila - <a href=\"https:\/\/skyhighdominicana.com\">SkyHigh<\/a><\/li>\n<li>Antigua - <a href=\"https:\/\/skyhighdominicana.com\">SkyHigh<\/a><\/li>\n<li>Aruba - <a href=\"https:\/\/skyhighdominicana.com\">SkyHigh<\/a><\/li>\n<li>Bonaire - <a href=\"https:\/\/skyhighdominicana.com\">SkyHigh<\/a><\/li>\n<li>British Virgin Islands - <a href=\"https:\/\/www.intercaribbean.com\">InterCaribbean<\/a>\u00a0\/ <a href=\"https:\/\/skyhighdominicana.com\">SkyHigh<\/a><\/li>\n<li>Cuba - <a href=\"https:\/\/www.cubana.cu\">Cubana<\/a> \/\u00a0<a href=\"https:\/\/skyhighdominicana.com\">SkyHigh<\/a><\/li>\n<li>Curacao - <a href=\"https:\/\/skyhighdominicana.com\">SkyHigh<\/a><\/li>\n<li>French Antilles - <a href=\"http:\/\/www.airantilles.com\" target=\"_blank\" rel=\"noopener\">airantilles.com<\/a> \/ <a href=\"http:\/\/www.aircaraibes.com\/\" target=\"_blank\" rel=\"noopener\">aircaraibes.com<\/a><\/li>\n<li>Guadeloupe -\u00a0<a href=\"https:\/\/www.aircaraibes.com\">AirCaraibes<\/a><\/li>\n<li>Jamaica - <a href=\"https:\/\/www.intercaribbean.com\">InterCaribbean<\/a><\/li>\n<li>Martinique -\u00a0<a href=\"https:\/\/www.aircaraibes.com\">AirCaraibes<\/a><\/li>\n<li>Turks &amp; Caicos - <a href=\"https:\/\/www.intercaribbean.com\">InterCaribbean<\/a><\/li>\n<li>St Kitts - <a href=\"https:\/\/skyhighdominicana.com\">SkyHigh<\/a><\/li>\n<li>St Maarten - <a href=\"https:\/\/www.aircaraibes.com\">AirCaraibes<\/a> \/\u00a0<a href=\"https:\/\/skyhighdominicana.com\">SkyHigh<\/a><\/li>\n<\/ul>\n<p>&nbsp;<\/p>\n<h4>Desde Europa<\/h4>\n<ul>\n<li>Finland - <a href=\"https:\/\/www.finnair.com\">Finnair<\/a><\/li>\n<li>France -\u00a0<a href=\"https:\/\/www.aircaraibes.com\">AirCaraibes<\/a><\/li>\n<li>Germany \u2013 <a href=\"https:\/\/www.condor.com\">Condor<\/a><\/li>\n<li>Spain \u2013 <a href=\"https:\/\/www.aireuropa.com\">AirEuropa<\/a> \/ <a href=\"https:\/\/www.iberia.com\">Iberia<\/a> \/ <a href=\"https:\/\/www.w2fly.es\/es-es\">World2Fly<\/a><\/li>\n<\/ul>\n<p>&nbsp;<\/p>\n<h4>Desde America Latina<\/h4>\n<ul>\n<li>Colombia - <a href=\"https:\/\/www.arajet.com\/es\">Arajet<\/a> \/ <a href=\"https:\/\/www.avianca.com\">Avianca<\/a> \/ <a href=\"https:\/\/wingo.com\">Wingo<\/a><\/li>\n<li>Costa Rica - <a href=\"https:\/\/www.copaair.com\/en\/web\/gs\">CopaAirlines<\/a>\u00a0\/ <a href=\"https:\/\/skyhighdominicana.com\">SkyHigh<\/a><\/li>\n<li>Guatemala - <a href=\"https:\/\/www.arajet.com\/es\">Arajet<\/a><\/li>\n<li>Mexico - <a href=\"https:\/\/www.arajet.com\/es\">Arajet<\/a><\/li>\n<li>Panama - <a href=\"https:\/\/www.copaair.com\/en\/web\/gs\">CopaAirlines<\/a><\/li>\n<li>Venezuela - <a href=\"https:\/\/www.albatrosair.aero\">Albatros<\/a> \/ <a href=\"https:\/\/skyhighdominicana.com\">SkyHigh<\/a>\u00a0\/ <a href=\"https:\/\/turpialairlines.com\">Turpial\u00a0<\/a><\/li>\n<\/ul>\n<p>&nbsp;<\/p>\n<h4>Desde America del Norte<\/h4>\n<ul>\n<li>Canada - <a href=\"https:\/\/www.sunwing.ca\/en\/\">SunWing<\/a><\/li>\n<li>US - <a href=\"https:\/\/www.aa.com\">American Airlines<\/a> \/ <a href=\"https:\/\/www.delta.com\">Delta<\/a> \/<a href=\"https:\/\/www.jetblue.com\"> JetBlue<\/a> \/<a href=\"https:\/\/www.spirit.com\"> Spirit<\/a> \/ <a href=\"https:\/\/www.united.com\">United<\/a><\/li>\n<\/ul>\n<\/div><\/div><\/div><\/div><\/div>","protected":false},"excerpt":{"rendered":"<p>Bahia Residence puede organisar un transfer desde el aeropuerto de Santo Domingo. El precio es 200USD, lo que es el mismo precio que cobran los taxistas en el aeropuerto. El tiempo de viaje es de 3,5 horas. Esa es la manera mas rapida, confortable y sencilla para ir desde Santo Domingo a Cabarete. Especialmente si [&hellip;]<\/p>\n","protected":false},"author":1,"featured_media":0,"parent":0,"menu_order":0,"comment_status":"closed","ping_status":"closed","template":"","meta":{"footnotes":""},"class_list":["post-13856","page","type-page","status-publish","hentry"],"_links":{"self":[{"href":"https:\/\/www.bahia-cabarete.com\/es\/wp-json\/wp\/v2\/pages\/13856","targetHints":{"allow":["GET"]}}],"collection":[{"href":"https:\/\/www.bahia-cabarete.com\/es\/wp-json\/wp\/v2\/pages"}],"about":[{"href":"https:\/\/www.bahia-cabarete.com\/es\/wp-json\/wp\/v2\/types\/page"}],"author":[{"embeddable":true,"href":"https:\/\/www.bahia-cabarete.com\/es\/wp-json\/wp\/v2\/users\/1"}],"replies":[{"embeddable":true,"href":"https:\/\/www.bahia-cabarete.com\/es\/wp-json\/wp\/v2\/comments?post=13856"}],"version-history":[{"count":0,"href":"https:\/\/www.bahia-cabarete.com\/es\/wp-json\/wp\/v2\/pages\/13856\/revisions"}],"wp:attachment":[{"href":"https:\/\/www.bahia-cabarete.com\/es\/wp-json\/wp\/v2\/media?parent=13856"}],"curies":[{"name":"wp","href":"https:\/\/api.w.org\/{rel}","templated":true}]}}