{"id":13862,"date":"2015-12-10T16:32:46","date_gmt":"2015-12-10T16:32:46","guid":{"rendered":"https:\/\/www.bahia-cabarete.com\/get-to-bahia-residence\/"},"modified":"2022-08-30T18:29:21","modified_gmt":"2022-08-30T18:29:21","slug":"como-llegar-a-bahia-residence","status":"publish","type":"page","link":"https:\/\/www.bahia-cabarete.com\/es\/como-llegar-a-bahia-residence\/","title":{"rendered":"Como llegar a Bahia Residence"},"content":{"rendered":"<div id=\"pl-13862\"  class=\"panel-layout\" ><div id=\"pg-13862-0\"  class=\"panel-grid panel-no-style\" ><div id=\"pgc-13862-0-0\"  class=\"panel-grid-cell\" ><div id=\"panel-13862-0-0-0\" class=\"so-panel widget widget_text panel-first-child panel-last-child\" data-index=\"0\" >\t\t\t<div class=\"textwidget\"><center><H1>C\u00f3mo llegar a Bahia Residence<H\/1><\/center><br>\n<center>Una vez en <a href=\"https:\/\/www.bahia-cabarete.com\/es\/como-llegar-a-cabarete\/\">Cabarete<\/a>, llegar a Bahia Residence es muy sencillo. Simplemente siga las instrucciones a continuaci\u00f3n.<\/center><br>\n<\/div>\n\t\t<\/div><\/div><\/div><div id=\"pg-13862-1\"  class=\"panel-grid panel-no-style\" ><div id=\"pgc-13862-1-0\"  class=\"panel-grid-cell\" ><div id=\"panel-13862-1-0-0\" class=\"so-panel widget widget_text panel-first-child panel-last-child\" data-index=\"1\" ><div class=\"panel-widget-style panel-widget-style-for-13862-1-0-0\" ><h3 class=\"widget-title\">Desde Sosua \/ Puerto Plata<\/h3>\t\t\t<div class=\"textwidget\"><span class=\"VIiyi\" lang=\"es\"><span class=\"JLqJ4b ChMk0b\" data-language-for-alternatives=\"es\" data-language-to-translate-into=\"en\" data-phrase-index=\"0\" data-number-of-phrases=\"3\"><span class=\"Q4iAWc\">Si viene desde Sosua \/ Puerto Plata, primero debe pasar Kite Beach y cuando se acerque a Cabarete, ver\u00e1 un gran cartel morado de Ultravioleta, que es una propiedad vecina.<\/span><\/span> <span class=\"JLqJ4b ChMk0b\" data-language-for-alternatives=\"es\" data-language-to-translate-into=\"en\" data-phrase-index=\"1\" data-number-of-phrases=\"3\"><span class=\"Q4iAWc\">150 metros despu\u00e9s de esa se\u00f1al, debe girar a la izquierda y ver\u00e1 a su mano izquierda la cartel de metal \u00abBah\u00eda de Arena\u00bb en un muro de piedra.<\/span><\/span> <span class=\"JLqJ4b ChMk0b\" data-language-for-alternatives=\"es\" data-language-to-translate-into=\"en\" data-phrase-index=\"2\" data-number-of-phrases=\"3\"><span class=\"Q4iAWc\">Los guardias le indicar\u00e1n d\u00f3nde est\u00e1 Bahia Residence y d\u00f3nde puede aparcar.<\/span><\/span><\/span><\/div>\n\t\t<\/div><\/div><\/div><div id=\"pgc-13862-1-1\"  class=\"panel-grid-cell\" ><div id=\"panel-13862-1-1-0\" class=\"so-panel widget widget_text panel-first-child panel-last-child\" data-index=\"2\" ><div class=\"panel-widget-style panel-widget-style-for-13862-1-1-0\" ><h3 class=\"widget-title\">Desde Nagua \/ Sabaneta del Mar<\/h3>\t\t\t<div class=\"textwidget\"><span class=\"VIiyi\" lang=\"es\"><span class=\"JLqJ4b ChMk0b\" data-language-for-alternatives=\"es\" data-language-to-translate-into=\"en\" data-phrase-index=\"0\" data-number-of-phrases=\"3\"><span class=\"Q4iAWc\">Si viene de Sabaneta \/ Nagua, debe pasar por el centro de Cabarete y una vez que pase la estaci\u00f3n de servicio Esso, ver\u00e1 nuevamente el gran letrero morado de Ultravioleta.<\/span><\/span> <span class=\"JLqJ4b ChMk0b\" data-language-for-alternatives=\"es\" data-language-to-translate-into=\"en\" data-phrase-index=\"1\" data-number-of-phrases=\"3\"><span class=\"Q4iAWc\">Viniendo de este lado, debe detenerse 150 metros antes de este letrero y girar a la derecha;<\/span><\/span> <span class=\"JLqJ4b ChMk0b\" data-language-for-alternatives=\"es\" data-language-to-translate-into=\"en\" data-phrase-index=\"2\" data-number-of-phrases=\"3\"><span class=\"Q4iAWc\">desde este lado tambi\u00e9n podr\u00e1 ver mejor el cartel de Bah\u00eda de Arena.<\/span><\/span><\/span><\/div>\n\t\t<\/div><\/div><\/div><\/div><div id=\"pg-13862-2\"  class=\"panel-grid panel-no-style\" ><div id=\"pgc-13862-2-0\"  class=\"panel-grid-cell\" ><div id=\"panel-13862-2-0-0\" class=\"widget_text so-panel widget widget_custom_html panel-first-child panel-last-child\" data-index=\"3\" ><div class=\"textwidget custom-html-widget\"><iframe src=\"https:\/\/www.google.com\/maps\/embed?pb=!1m18!1m12!1m3!1d3754.983938786255!2d-70.41997868566979!3d19.755836986701564!2m3!1f0!2f0!3f0!3m2!1i1024!2i768!4f13.1!3m3!1m2!1s0x8eae1d70221c0c81%3A0xaef7c9256025d0fc!2sBahia+Residence+Cabarete!5e0!3m2!1sen!2sdo!4v1561134454604!5m2!1sen!2sdo\" width=\"100%\" height=\"450\" frameborder=\"0\" style=\"border:0\" allowfullscreen><\/iframe><\/div><\/div><\/div><\/div><\/div>","protected":false},"excerpt":{"rendered":"<p>C\u00f3mo llegar a Bahia Residence Una vez en Cabarete, llegar a Bahia Residence es muy sencillo. Simplemente siga las instrucciones a continuaci\u00f3n. Si viene desde Sosua \/ Puerto Plata, primero debe pasar Kite Beach y cuando se acerque a Cabarete, ver\u00e1 un gran cartel morado de Ultravioleta, que es una propiedad vecina. 150 metros despu\u00e9s [&hellip;]<\/p>\n","protected":false},"author":1,"featured_media":14342,"parent":0,"menu_order":0,"comment_status":"closed","ping_status":"closed","template":"","meta":{"footnotes":""},"class_list":["post-13862","page","type-page","status-publish","has-post-thumbnail","hentry"],"_links":{"self":[{"href":"https:\/\/www.bahia-cabarete.com\/es\/wp-json\/wp\/v2\/pages\/13862","targetHints":{"allow":["GET"]}}],"collection":[{"href":"https:\/\/www.bahia-cabarete.com\/es\/wp-json\/wp\/v2\/pages"}],"about":[{"href":"https:\/\/www.bahia-cabarete.com\/es\/wp-json\/wp\/v2\/types\/page"}],"author":[{"embeddable":true,"href":"https:\/\/www.bahia-cabarete.com\/es\/wp-json\/wp\/v2\/users\/1"}],"replies":[{"embeddable":true,"href":"https:\/\/www.bahia-cabarete.com\/es\/wp-json\/wp\/v2\/comments?post=13862"}],"version-history":[{"count":0,"href":"https:\/\/www.bahia-cabarete.com\/es\/wp-json\/wp\/v2\/pages\/13862\/revisions"}],"wp:featuredmedia":[{"embeddable":true,"href":"https:\/\/www.bahia-cabarete.com\/es\/wp-json\/wp\/v2\/media\/14342"}],"wp:attachment":[{"href":"https:\/\/www.bahia-cabarete.com\/es\/wp-json\/wp\/v2\/media?parent=13862"}],"curies":[{"name":"wp","href":"https:\/\/api.w.org\/{rel}","templated":true}]}}