{"id":13906,"date":"2015-12-15T22:18:21","date_gmt":"2015-12-15T22:18:21","guid":{"rendered":"https:\/\/www.bahia-cabarete.com\/pre-arrival-shopping\/"},"modified":"2022-05-23T20:02:31","modified_gmt":"2022-05-23T20:02:31","slug":"compra-pre-llegada","status":"publish","type":"page","link":"https:\/\/www.bahia-cabarete.com\/es\/compra-pre-llegada\/","title":{"rendered":"Compra pre-llegada"},"content":{"rendered":"<div id=\"pl-13906\"  class=\"panel-layout\" ><div id=\"pg-13906-0\"  class=\"panel-grid panel-no-style\" ><div id=\"pgc-13906-0-0\"  class=\"panel-grid-cell\" ><div id=\"panel-13906-0-0-0\" class=\"so-panel widget widget_sow-editor panel-first-child panel-last-child\" data-index=\"0\" ><div\n\t\t\t\n\t\t\tclass=\"so-widget-sow-editor so-widget-sow-editor-base\"\n\t\t\t\n\t\t><h3 class=\"widget-title\">Compra pre-llegada<\/h3>\n<div class=\"siteorigin-widget-tinymce textwidget\">\n\t<p>Nadie quiere ir al supermercado justo despu\u00e9s de haber llegado. Bah\u00eda Residence puede hacer esta tarea por usted para que cuando llegue su nevera est\u00e1 lleno con las cosas que le gustan.<\/p>\n<p>&nbsp;<\/p>\n<p>S\u00f3lo tiene que rellenar y enviarnos el formulario de compras por lo menos 24 horas antes de su llegada.<\/p>\n<p>&nbsp;<\/p>\n<p>Haremos nuestro mejor esfuerzo para conseguir todo de su lista antes de su llegada pero a veces, la tienda se queda sin algunos productos.<\/p>\n<p>&nbsp;<\/p>\n<p>Pedido m\u00ednimo de 25USD. La factura del supermercado, as\u00ed como un cargo por servicio de 10 USD tendr\u00e1n que ser pagados al momento del check-in.<\/p>\n<\/div>\n<\/div><\/div><\/div><div id=\"pgc-13906-0-1\"  class=\"panel-grid-cell\" ><div id=\"panel-13906-0-1-0\" class=\"so-panel widget widget_text panel-first-child\" data-index=\"1\" ><h3 class=\"widget-title\">Formulario de compra pre-llegada<\/h3>\t\t\t<div class=\"textwidget\"><\/div>\n\t\t<\/div><div id=\"panel-13906-0-1-1\" class=\"so-panel widget widget_text panel-last-child\" data-index=\"2\" >\t\t\t<div class=\"textwidget\">\n<div class=\"wpcf7 no-js\" id=\"wpcf7-f14236-o1\" lang=\"es-ES\" dir=\"ltr\" data-wpcf7-id=\"14236\">\n<div class=\"screen-reader-response\"><p role=\"status\" aria-live=\"polite\" aria-atomic=\"true\"><\/p> <ul><\/ul><\/div>\n<form action=\"\/es\/wp-json\/wp\/v2\/pages\/13906#wpcf7-f14236-o1\" method=\"post\" class=\"wpcf7-form init\" aria-label=\"Formulario de contacto\" novalidate=\"novalidate\" data-status=\"init\">\n<fieldset class=\"hidden-fields-container\"><input type=\"hidden\" name=\"_wpcf7\" value=\"14236\" \/><input type=\"hidden\" name=\"_wpcf7_version\" value=\"6.1.5\" \/><input type=\"hidden\" name=\"_wpcf7_locale\" value=\"es_ES\" \/><input type=\"hidden\" name=\"_wpcf7_unit_tag\" value=\"wpcf7-f14236-o1\" \/><input type=\"hidden\" name=\"_wpcf7_container_post\" value=\"0\" \/><input type=\"hidden\" name=\"_wpcf7_posted_data_hash\" value=\"\" \/><input type=\"hidden\" name=\"_wpcf7_recaptcha_response\" value=\"\" \/>\n<\/fieldset>\n<div class=\"row\">\n\t<div class=\"col-sm-6\">\n\t\t<p><span class=\"wpcf7-form-control-wrap\" data-name=\"first-name\"><input size=\"40\" maxlength=\"400\" class=\"wpcf7-form-control wpcf7-text wpcf7-validates-as-required\" aria-required=\"true\" aria-invalid=\"false\" placeholder=\"Nombre\" value=\"\" type=\"text\" name=\"first-name\" \/><\/span>\n\t\t<\/p>\n\t<\/div>\n\t<div class=\"col-sm-6\">\n\t\t<p><span class=\"wpcf7-form-control-wrap\" data-name=\"last-name\"><input size=\"40\" maxlength=\"400\" class=\"wpcf7-form-control wpcf7-text wpcf7-validates-as-required\" aria-required=\"true\" aria-invalid=\"false\" placeholder=\"Apellido\" value=\"\" type=\"text\" name=\"last-name\" \/><\/span>\n\t\t<\/p>\n\t<\/div>\n<\/div>\n<div class=\"row\">\n\t<div class=\"col-sm-6\">\n\t\t<p><span class=\"wpcf7-form-control-wrap\" data-name=\"your-email\"><input size=\"40\" maxlength=\"400\" class=\"wpcf7-form-control wpcf7-email wpcf7-validates-as-required wpcf7-text wpcf7-validates-as-email\" aria-required=\"true\" aria-invalid=\"false\" placeholder=\"Su correo\" value=\"\" type=\"email\" name=\"your-email\" \/><\/span>\n\t\t<\/p>\n\t<\/div>\n\t<div class=\"col-sm-6\">\n\t\t<p>Fecha de llegada <span class=\"wpcf7-form-control-wrap\" data-name=\"date\"><input class=\"wpcf7-form-control wpcf7-date wpcf7-validates-as-required wpcf7-validates-as-date\" aria-required=\"true\" aria-invalid=\"false\" value=\"Fecha de llegada\" type=\"date\" name=\"date\" \/><\/span>\n\t\t<\/p>\n\t<\/div>\n<\/div>\n<div class=\"row\">\n\t<div class=\"col-sm-6\">\n\t\t<H3>Lista de compras\n\t\t<\/h3>\n\t<\/div>\n<\/div>\n<div class=\"row\">\n\t<div class=\"col-sm-8\">\n\t\t<p>Pan sandwich cortado, 450gr \/ 1lb (costo +-3USD)\n\t\t<\/p>\n\t<\/div>\n\t<div class=\"col-sm-4\">\n\t\t<p><span class=\"wpcf7-form-control-wrap\" data-name=\"number-165\"><input class=\"wpcf7-form-control wpcf7-number wpcf7-validates-as-number\" min=\"0\" max=\"1\" aria-invalid=\"false\" value=\"0\" type=\"number\" name=\"number-165\" \/><\/span>\n\t\t<\/p>\n\t<\/div>\n<\/div>\n<div class=\"row\">\n\t<div class=\"col-sm-8\">\n\t\t<p>&nbsp;&nbsp;&nbsp;&nbsp;&nbsp;&nbsp;&nbsp;&nbsp;&nbsp;&nbsp;Integral\n\t\t<\/p>\n\t<\/div>\n\t<div class=\"col-sm-4\">\n\t\t<p><span class=\"wpcf7-form-control-wrap\" data-name=\"menu-491\"><select class=\"wpcf7-form-control wpcf7-select\" aria-invalid=\"false\" name=\"menu-491\"><option value=\"\">&#8212;Por favor, elige una opci\u00f3n&#8212;<\/option><option value=\"first choice\">first choice<\/option><option value=\"second choice\">second choice<\/option><\/select><\/span>\n\t\t<\/p>\n\t<\/div>\n\t<div class=\"col-sm-8\">\n\t\t<p>&nbsp;&nbsp;&nbsp;&nbsp;&nbsp;&nbsp;&nbsp;&nbsp;&nbsp;&nbsp;Blanco\n\t\t<\/p>\n\t<\/div>\n\t<div class=\"col-sm-4\">\n\t\t<p><span class=\"wpcf7-form-control-wrap\" data-name=\"menu-338\"><select class=\"wpcf7-form-control wpcf7-select\" aria-invalid=\"false\" name=\"menu-338\"><option value=\"\">&#8212;Por favor, elige una opci\u00f3n&#8212;<\/option><option value=\"first choice\">first choice<\/option><option value=\"second coice\">second coice<\/option><\/select><\/span>\n\t\t<\/p>\n\t<\/div>\n<\/div>\n<div class=\"row\">\n\t<div class=\"col-sm-8\">\n\t\t<p>Mantequilla, 100gr \/ 0,22lb (costo +-3USD)\n\t\t<\/p>\n\t<\/div>\n\t<div class=\"col-sm-4\">\n\t\t<p><span class=\"wpcf7-form-control-wrap\" data-name=\"number-317\"><input class=\"wpcf7-form-control wpcf7-number wpcf7-validates-as-number\" min=\"0\" max=\"1\" aria-invalid=\"false\" value=\"0\" type=\"number\" name=\"number-317\" \/><\/span>\n\t\t<\/p>\n\t<\/div>\n<\/div>\n<div class=\"row\">\n\t<div class=\"col-sm-8\">\n\t\t<p>&nbsp;&nbsp;&nbsp;&nbsp;&nbsp;&nbsp;&nbsp;&nbsp;&nbsp;&nbsp;Con sal\n\t\t<\/p>\n\t<\/div>\n\t<div class=\"col-sm-4\">\n\t\t<p><span class=\"wpcf7-form-control-wrap\" data-name=\"menu-278\"><select class=\"wpcf7-form-control wpcf7-select\" aria-invalid=\"false\" name=\"menu-278\"><option value=\"\">&#8212;Por favor, elige una opci\u00f3n&#8212;<\/option><option value=\"first choice\">first choice<\/option><option value=\"second choice\">second choice<\/option><\/select><\/span>\n\t\t<\/p>\n\t<\/div>\n\t<div class=\"col-sm-8\">\n\t\t<p>&nbsp;&nbsp;&nbsp;&nbsp;&nbsp;&nbsp;&nbsp;&nbsp;&nbsp;&nbsp;Sin sal\n\t\t<\/p>\n\t<\/div>\n\t<div class=\"col-sm-4\">\n\t\t<p><span class=\"wpcf7-form-control-wrap\" data-name=\"menu-864\"><select class=\"wpcf7-form-control wpcf7-select\" aria-invalid=\"false\" name=\"menu-864\"><option value=\"\">&#8212;Por favor, elige una opci\u00f3n&#8212;<\/option><option value=\"first choice\">first choice<\/option><option value=\"second choice\">second choice<\/option><\/select><\/span>\n\t\t<\/p>\n\t<\/div>\n<\/div>\n<div class=\"row\">\n\t<div class=\"col-sm-8\">\n\t\t<p>12 huevos (costo +-3USD)\n\t\t<\/p>\n\t<\/div>\n\t<div class=\"col-sm-4\">\n\t\t<p><span class=\"wpcf7-form-control-wrap\" data-name=\"number-561\"><input class=\"wpcf7-form-control wpcf7-number wpcf7-validates-as-number\" min=\"0\" max=\"1\" aria-invalid=\"false\" value=\"0\" type=\"number\" name=\"number-561\" \/><\/span>\n\t\t<\/p>\n\t<\/div>\n<\/div>\n<div class=\"row\">\n\t<div class=\"col-sm-8\">\n\t\t<p>Mermelada de frutas (costo +-3.5USD)\n\t\t<\/p>\n\t<\/div>\n\t<div class=\"col-sm-4\">\n\t\t<p><span class=\"wpcf7-form-control-wrap\" data-name=\"number-646\"><input class=\"wpcf7-form-control wpcf7-number wpcf7-validates-as-number\" min=\"0\" max=\"1\" aria-invalid=\"false\" value=\"0\" type=\"number\" name=\"number-646\" \/><\/span>\n\t\t<\/p>\n\t<\/div>\n<\/div>\n<div class=\"row\">\n\t<div class=\"col-sm-8\">\n\t\t<p>&nbsp;&nbsp;&nbsp;&nbsp;&nbsp;&nbsp;&nbsp;&nbsp;&nbsp;&nbsp;Fresa\n\t\t<\/p>\n\t<\/div>\n\t<div class=\"col-sm-4\">\n\t\t<p><span class=\"wpcf7-form-control-wrap\" data-name=\"menu-157\"><select class=\"wpcf7-form-control wpcf7-select\" aria-invalid=\"false\" name=\"menu-157\"><option value=\"\">&#8212;Por favor, elige una opci\u00f3n&#8212;<\/option><option value=\"first choice\">first choice<\/option><option value=\"second choice\">second choice<\/option><option value=\"third choice\">third choice<\/option><\/select><\/span>\n\t\t<\/p>\n\t<\/div>\n\t<div class=\"col-sm-8\">\n\t\t<p>&nbsp;&nbsp;&nbsp;&nbsp;&nbsp;&nbsp;&nbsp;&nbsp;&nbsp;&nbsp;Pi\u00f1a\n\t\t<\/p>\n\t<\/div>\n\t<div class=\"col-sm-4\">\n\t\t<p><span class=\"wpcf7-form-control-wrap\" data-name=\"menu-717\"><select class=\"wpcf7-form-control wpcf7-select\" aria-invalid=\"false\" name=\"menu-717\"><option value=\"\">&#8212;Por favor, elige una opci\u00f3n&#8212;<\/option><option value=\"first choice\">first choice<\/option><option value=\"second choice\">second choice<\/option><option value=\"third choice\">third choice<\/option><\/select><\/span>\n\t\t<\/p>\n\t<\/div>\n\t<div class=\"col-sm-8\">\n\t\t<p>&nbsp;&nbsp;&nbsp;&nbsp;&nbsp;&nbsp;&nbsp;&nbsp;&nbsp;&nbsp;Cuatro frutas\n\t\t<\/p>\n\t<\/div>\n\t<div class=\"col-sm-4\">\n\t\t<p><span class=\"wpcf7-form-control-wrap\" data-name=\"menu-112\"><select class=\"wpcf7-form-control wpcf7-select\" aria-invalid=\"false\" name=\"menu-112\"><option value=\"\">&#8212;Por favor, elige una opci\u00f3n&#8212;<\/option><option value=\"first choice\">first choice<\/option><option value=\"second choice\">second choice<\/option><option value=\"third choice\">third choice<\/option><\/select><\/span>\n\t\t<\/p>\n\t<\/div>\n<\/div>\n<div class=\"row\">\n\t<div class=\"col-sm-8\">\n\t\t<p>Queso dominicano (+-8 lonchas) (costo +-2USD)\n\t\t<\/p>\n\t<\/div>\n\t<div class=\"col-sm-4\">\n\t\t<p><span class=\"wpcf7-form-control-wrap\" data-name=\"number-593\"><input class=\"wpcf7-form-control wpcf7-number wpcf7-validates-as-number\" min=\"0\" max=\"1\" aria-invalid=\"false\" value=\"0\" type=\"number\" name=\"number-593\" \/><\/span>\n\t\t<\/p>\n\t<\/div>\n<\/div>\n<div class=\"row\">\n\t<div class=\"col-sm-8\">\n\t\t<p>Kelloggs cornflakes, 340gr \/ 0,75lb (costo +-5USD)\n\t\t<\/p>\n\t<\/div>\n\t<div class=\"col-sm-4\">\n\t\t<p><span class=\"wpcf7-form-control-wrap\" data-name=\"number-148\"><input class=\"wpcf7-form-control wpcf7-number wpcf7-validates-as-number\" min=\"0\" max=\"1\" aria-invalid=\"false\" value=\"0\" type=\"number\" name=\"number-148\" \/><\/span>\n\t\t<\/p>\n\t<\/div>\n<\/div>\n<div class=\"row\">\n\t<div class=\"col-sm-8\">\n\t\t<p>Cornflakes Special K, 340gr \/ 0.75lb (costo +-7USD)\n\t\t<\/p>\n\t<\/div>\n\t<div class=\"col-sm-4\">\n\t\t<p><span class=\"wpcf7-form-control-wrap\" data-name=\"number-994\"><input class=\"wpcf7-form-control wpcf7-number wpcf7-validates-as-number\" min=\"0\" max=\"1\" aria-invalid=\"false\" value=\"0\" type=\"number\" name=\"number-994\" \/><\/span>\n\t\t<\/p>\n\t<\/div>\n<\/div>\n<div class=\"row\">\n\t<div class=\"col-sm-8\">\n\t\t<p>Yoghur, 1 litro (costo +-3USD)\n\t\t<\/p>\n\t<\/div>\n\t<div class=\"col-sm-4\">\n\t\t<p><span class=\"wpcf7-form-control-wrap\" data-name=\"number-89\"><input class=\"wpcf7-form-control wpcf7-number wpcf7-validates-as-number\" min=\"0\" max=\"1\" aria-invalid=\"false\" value=\"0\" type=\"number\" name=\"number-89\" \/><\/span>\n\t\t<\/p>\n\t<\/div>\n<\/div>\n<div class=\"row\">\n\t<div class=\"col-sm-8\">\n\t\t<p>&nbsp;&nbsp;&nbsp;&nbsp;&nbsp;&nbsp;&nbsp;&nbsp;&nbsp;&nbsp;Vanilla\n\t\t<\/p>\n\t<\/div>\n\t<div class=\"col-sm-4\">\n\t\t<p><span class=\"wpcf7-form-control-wrap\" data-name=\"menu-132\"><select class=\"wpcf7-form-control wpcf7-select\" aria-invalid=\"false\" name=\"menu-132\"><option value=\"\">&#8212;Por favor, elige una opci\u00f3n&#8212;<\/option><option value=\"first choice\">first choice<\/option><option value=\"second choice\">second choice<\/option><\/select><\/span>\n\t\t<\/p>\n\t<\/div>\n\t<div class=\"col-sm-8\">\n\t\t<p>&nbsp;&nbsp;&nbsp;&nbsp;&nbsp;&nbsp;&nbsp;&nbsp;&nbsp;&nbsp;Fresa\n\t\t<\/p>\n\t<\/div>\n\t<div class=\"col-sm-4\">\n\t\t<p><span class=\"wpcf7-form-control-wrap\" data-name=\"menu-802\"><select class=\"wpcf7-form-control wpcf7-select\" aria-invalid=\"false\" name=\"menu-802\"><option value=\"\">&#8212;Por favor, elige una opci\u00f3n&#8212;<\/option><option value=\"first choice\">first choice<\/option><option value=\"second choice\">second choice<\/option><\/select><\/span>\n\t\t<\/p>\n\t<\/div>\n<\/div>\n<div class=\"row\">\n\t<div class=\"col-sm-8\">\n\t\t<p>Cafe molido Santo Domingo, 450gr \/ 1lb (costo +-5USD)\n\t\t<\/p>\n\t<\/div>\n\t<div class=\"col-sm-4\">\n\t\t<p><span class=\"wpcf7-form-control-wrap\" data-name=\"number-603\"><input class=\"wpcf7-form-control wpcf7-number wpcf7-validates-as-number\" min=\"0\" max=\"1\" aria-invalid=\"false\" value=\"0\" type=\"number\" name=\"number-603\" \/><\/span>\n\t\t<\/p>\n\t<\/div>\n<\/div>\n<div class=\"row\">\n\t<div class=\"col-sm-8\">\n\t\t<p>Cafe molido Santo Domingo, 225gr \/ 0.5lb (costo +-3USD)\n\t\t<\/p>\n\t<\/div>\n\t<div class=\"col-sm-4\">\n\t\t<p><span class=\"wpcf7-form-control-wrap\" data-name=\"number-343\"><input class=\"wpcf7-form-control wpcf7-number wpcf7-validates-as-number\" min=\"0\" max=\"1\" aria-invalid=\"false\" value=\"0\" type=\"number\" name=\"number-343\" \/><\/span>\n\t\t<\/p>\n\t<\/div>\n<\/div>\n<div class=\"row\">\n\t<div class=\"col-sm-8\">\n\t\t<p>Lipton te negro, 48 bolsas (costo +-6USD)\n\t\t<\/p>\n\t<\/div>\n\t<div class=\"col-sm-4\">\n\t\t<p><span class=\"wpcf7-form-control-wrap\" data-name=\"number-212\"><input class=\"wpcf7-form-control wpcf7-number wpcf7-validates-as-number\" min=\"0\" max=\"1\" aria-invalid=\"false\" value=\"0\" type=\"number\" name=\"number-212\" \/><\/span>\n\t\t<\/p>\n\t<\/div>\n<\/div>\n<div class=\"row\">\n\t<div class=\"col-sm-8\">\n\t\t<p>Leche UHT, 1litro (costo +-1.5USD)\n\t\t<\/p>\n\t<\/div>\n\t<div class=\"col-sm-4\">\n\t\t<p><span class=\"wpcf7-form-control-wrap\" data-name=\"number-851\"><input class=\"wpcf7-form-control wpcf7-number wpcf7-validates-as-number\" min=\"0\" max=\"1\" aria-invalid=\"false\" value=\"0\" type=\"number\" name=\"number-851\" \/><\/span>\n\t\t<\/p>\n\t<\/div>\n<\/div>\n<div class=\"row\">\n\t<div class=\"col-sm-8\">\n\t\t<p>&nbsp;&nbsp;&nbsp;&nbsp;&nbsp;&nbsp;&nbsp;&nbsp;&nbsp;&nbsp;4% grasa\n\t\t<\/p>\n\t<\/div>\n\t<div class=\"col-sm-4\">\n\t\t<p><span class=\"wpcf7-form-control-wrap\" data-name=\"menu-108\"><select class=\"wpcf7-form-control wpcf7-select\" aria-invalid=\"false\" name=\"menu-108\"><option value=\"\">&#8212;Por favor, elige una opci\u00f3n&#8212;<\/option><option value=\"first choice\">first choice<\/option><option value=\"second choice\">second choice<\/option><\/select><\/span>\n\t\t<\/p>\n\t<\/div>\n\t<div class=\"col-sm-8\">\n\t\t<p>&nbsp;&nbsp;&nbsp;&nbsp;&nbsp;&nbsp;&nbsp;&nbsp;&nbsp;&nbsp;2% grasa\n\t\t<\/p>\n\t<\/div>\n\t<div class=\"col-sm-4\">\n\t\t<p><span class=\"wpcf7-form-control-wrap\" data-name=\"menu-65\"><select class=\"wpcf7-form-control wpcf7-select\" aria-invalid=\"false\" name=\"menu-65\"><option value=\"\">&#8212;Por favor, elige una opci\u00f3n&#8212;<\/option><option value=\"first choice\">first choice<\/option><option value=\"second choice\">second choice<\/option><\/select><\/span>\n\t\t<\/p>\n\t<\/div>\n<\/div>\n<div class=\"row\">\n\t<div class=\"col-sm-8\">\n\t\t<p>Azucar (costo +-1.5USD)\n\t\t<\/p>\n\t<\/div>\n\t<div class=\"col-sm-4\">\n\t\t<p><span class=\"wpcf7-form-control-wrap\" data-name=\"number-206\"><input class=\"wpcf7-form-control wpcf7-number wpcf7-validates-as-number\" min=\"0\" max=\"1\" aria-invalid=\"false\" value=\"0\" type=\"number\" name=\"number-206\" \/><\/span>\n\t\t<\/p>\n\t<\/div>\n<\/div>\n<div class=\"row\">\n\t<div class=\"col-sm-8\">\n\t\t<p>&nbsp;&nbsp;&nbsp;&nbsp;&nbsp;&nbsp;&nbsp;&nbsp;&nbsp;&nbsp;Marron\n\t\t<\/p>\n\t<\/div>\n\t<div class=\"col-sm-4\">\n\t\t<p><span class=\"wpcf7-form-control-wrap\" data-name=\"menu-505\"><select class=\"wpcf7-form-control wpcf7-select\" aria-invalid=\"false\" name=\"menu-505\"><option value=\"\">&#8212;Por favor, elige una opci\u00f3n&#8212;<\/option><option value=\"first choice\">first choice<\/option><option value=\"second choice\">second choice<\/option><\/select><\/span>\n\t\t<\/p>\n\t<\/div>\n\t<div class=\"col-sm-8\">\n\t\t<p>&nbsp;&nbsp;&nbsp;&nbsp;&nbsp;&nbsp;&nbsp;&nbsp;&nbsp;&nbsp;Blanco\n\t\t<\/p>\n\t<\/div>\n\t<div class=\"col-sm-4\">\n\t\t<p><span class=\"wpcf7-form-control-wrap\" data-name=\"menu-554\"><select class=\"wpcf7-form-control wpcf7-select\" aria-invalid=\"false\" name=\"menu-554\"><option value=\"\">&#8212;Por favor, elige una opci\u00f3n&#8212;<\/option><option value=\"first choice\">first choice<\/option><option value=\"second choice\">second choice<\/option><\/select><\/span>\n\t\t<\/p>\n\t<\/div>\n<\/div>\n<div class=\"row\">\n\t<div class=\"col-sm-8\">\n\t\t<p>Cerveza Presidente - 6 botellas peque\u00f1as (costo +-12USD)\n\t\t<\/p>\n\t<\/div>\n\t<div class=\"col-sm-4\">\n\t\t<p><span class=\"wpcf7-form-control-wrap\" data-name=\"number-194\"><input class=\"wpcf7-form-control wpcf7-number wpcf7-validates-as-number\" min=\"0\" max=\"1\" aria-invalid=\"false\" value=\"0\" type=\"number\" name=\"number-194\" \/><\/span>\n\t\t<\/p>\n\t<\/div>\n<\/div>\n<div class=\"row\">\n\t<div class=\"col-sm-8\">\n\t\t<p>Coca Cola, 2 litros (costo +-2USD)\n\t\t<\/p>\n\t<\/div>\n\t<div class=\"col-sm-4\">\n\t\t<p><span class=\"wpcf7-form-control-wrap\" data-name=\"number-179\"><input class=\"wpcf7-form-control wpcf7-number wpcf7-validates-as-number\" min=\"0\" max=\"1\" aria-invalid=\"false\" value=\"0\" type=\"number\" name=\"number-179\" \/><\/span>\n\t\t<\/p>\n\t<\/div>\n<\/div>\n<div class=\"row\">\n\t<div class=\"col-sm-8\">\n\t\t<p>Sprite, 2 litros (costo +-2USD)\n\t\t<\/p>\n\t<\/div>\n\t<div class=\"col-sm-4\">\n\t\t<p><span class=\"wpcf7-form-control-wrap\" data-name=\"number-75\"><input class=\"wpcf7-form-control wpcf7-number wpcf7-validates-as-number\" min=\"0\" max=\"1\" aria-invalid=\"false\" value=\"0\" type=\"number\" name=\"number-75\" \/><\/span>\n\t\t<\/p>\n\t<\/div>\n<\/div>\n<div class=\"row\">\n\t<div class=\"col-sm-8\">\n\t\t<p>Rum Barcelo Gran A\u00f1ejo, 750ml (costo +-12USD)\n\t\t<\/p>\n\t<\/div>\n\t<div class=\"col-sm-4\">\n\t\t<p><span class=\"wpcf7-form-control-wrap\" data-name=\"number-613\"><input class=\"wpcf7-form-control wpcf7-number wpcf7-validates-as-number\" min=\"0\" max=\"1\" aria-invalid=\"false\" value=\"0\" type=\"number\" name=\"number-613\" \/><\/span>\n\t\t<\/p>\n\t<\/div>\n<\/div>\n<p><input class=\"wpcf7-form-control wpcf7-submit has-spinner\" type=\"submit\" value=\"Mandar su lista de compras\" \/>\n<\/p>\n<p>Orden minimo de 25USD.\n<\/p>\n<p>La factura de compras tanto como un cargo por servicio de 10USD seran cobrado a su llegada.\n<\/p><div class=\"wpcf7-response-output\" aria-hidden=\"true\"><\/div>\n<\/form>\n<\/div>\n<\/div>\n\t\t<\/div><\/div><\/div><\/div>","protected":false},"excerpt":{"rendered":"<p>Nadie quiere ir al supermercado justo despu\u00e9s de haber llegado. Bah\u00eda Residence puede hacer esta tarea por usted para que cuando llegue su nevera est\u00e1 lleno con las cosas que le gustan. &nbsp; S\u00f3lo tiene que rellenar y enviarnos el formulario de compras por lo menos 24 horas antes de su llegada. &nbsp; Haremos nuestro [&hellip;]<\/p>\n","protected":false},"author":1,"featured_media":13278,"parent":0,"menu_order":0,"comment_status":"closed","ping_status":"closed","template":"","meta":{"footnotes":""},"class_list":["post-13906","page","type-page","status-publish","has-post-thumbnail","hentry"],"_links":{"self":[{"href":"https:\/\/www.bahia-cabarete.com\/es\/wp-json\/wp\/v2\/pages\/13906","targetHints":{"allow":["GET"]}}],"collection":[{"href":"https:\/\/www.bahia-cabarete.com\/es\/wp-json\/wp\/v2\/pages"}],"about":[{"href":"https:\/\/www.bahia-cabarete.com\/es\/wp-json\/wp\/v2\/types\/page"}],"author":[{"embeddable":true,"href":"https:\/\/www.bahia-cabarete.com\/es\/wp-json\/wp\/v2\/users\/1"}],"replies":[{"embeddable":true,"href":"https:\/\/www.bahia-cabarete.com\/es\/wp-json\/wp\/v2\/comments?post=13906"}],"version-history":[{"count":0,"href":"https:\/\/www.bahia-cabarete.com\/es\/wp-json\/wp\/v2\/pages\/13906\/revisions"}],"wp:featuredmedia":[{"embeddable":true,"href":"https:\/\/www.bahia-cabarete.com\/es\/wp-json\/wp\/v2\/media\/13278"}],"wp:attachment":[{"href":"https:\/\/www.bahia-cabarete.com\/es\/wp-json\/wp\/v2\/media?parent=13906"}],"curies":[{"name":"wp","href":"https:\/\/api.w.org\/{rel}","templated":true}]}}