{"id":14121,"date":"2015-12-07T20:34:55","date_gmt":"2015-12-07T20:34:55","guid":{"rendered":"https:\/\/www.bahia-cabarete.com\/wind-meter-cabarete\/"},"modified":"2022-07-21T19:11:43","modified_gmt":"2022-07-21T19:11:43","slug":"anemometro-cabarete","status":"publish","type":"page","link":"https:\/\/www.bahia-cabarete.com\/es\/anemometro-cabarete\/","title":{"rendered":"Anem\u00f3metro Cabarete"},"content":{"rendered":"<div id=\"pl-14121\"  class=\"panel-layout\" ><div id=\"pg-14121-0\"  class=\"panel-grid panel-no-style\" ><div id=\"pgc-14121-0-0\"  class=\"panel-grid-cell\" ><div id=\"panel-14121-0-0-0\" class=\"so-panel widget widget_black-studio-tinymce widget_black_studio_tinymce panel-first-child\" data-index=\"0\" ><h3 class=\"widget-title\">Anem\u00f3metro Cabarete<\/h3><div class=\"textwidget\"><div class=\"textwidget\">\n<p>Cabarete tiene la suerte de tener un clima de verano perpetuo con mucho viento. No es tan extra\u00f1o entonces que Cabarete es conocido como la capital de los deportes acu\u00e1ticos de la Rep\u00fablica Dominicana, especialmente por kitesurfistas y windsurfistas que son amantes de este lugar.<\/p>\n<p>&nbsp;<\/p>\n<p>Bah\u00eda Residence ha colocado un anem\u00f3metro que est\u00e1 conectado a WindGuru en Bozo Beach. Ahora puede comprobar el viento real en vivo. La estaci\u00f3n meteorol\u00f3gica tambi\u00e9n genera datos sobre la temperatura, las precipitaciones y la nubosidad. Con los datos WindGuru sera capaz de producir previsiones de viento m\u00e1s precisos basados en datos reales.<\/p><\/div>\n<p>&nbsp;<\/p>\n<\/div><\/div><div id=\"panel-14121-0-0-1\" class=\"so-panel widget widget_empty-space\" data-index=\"1\" ><div class=\"thim-widget-empty-space thim-widget-empty-space-base template-base\"><div class=\"empty_space\" style=\"height:30px\"><\/div><\/div><\/div><div id=\"panel-14121-0-0-2\" class=\"so-panel widget widget_black-studio-tinymce widget_black_studio_tinymce\" data-index=\"2\" ><h3 class=\"widget-title\">Condiciones actuales del viento en Bozo Beach<\/h3><div class=\"textwidget\"><\/div><\/div><div id=\"panel-14121-0-0-3\" class=\"widget_text so-panel widget widget_custom_html panel-last-child\" data-index=\"3\" ><div class=\"textwidget custom-html-widget\"><iframe width=\"650\" height=\"450\"\n        src=\"https:\/\/embed.windy.com\/embed2.html?lat=19.774&lon=-70.411&detailLat=19.448&detailLon=-70.704&width=650&height=450&zoom=9&level=surface&overlay=wind&product=ecmwf&menu=&message=&marker=&calendar=now&pressure=&type=map&location=coordinates&detail=&metricWind=kt&metricTemp=%C2%B0C&radarRange=-1\"\n        frameborder=\"0\"><\/iframe><\/div><\/div><\/div><div id=\"pgc-14121-0-1\"  class=\"panel-grid-cell\" ><div id=\"panel-14121-0-1-0\" class=\"so-panel widget widget_black-studio-tinymce widget_black_studio_tinymce panel-first-child\" data-index=\"4\" ><h3 class=\"widget-title\">Viento actual<\/h3><div class=\"textwidget\"><\/div><\/div><div id=\"panel-14121-0-1-1\" class=\"widget_text so-panel widget widget_custom_html panel-last-child\" data-index=\"5\" ><div class=\"textwidget custom-html-widget\">[live-weather-station-justgage device_id='zy:00:00:00:00:01' module_id='m2:c0:00:00:00:01' measure_type='windstrength' design='half-flat-standard' color='lgt-aquamarine' force='' pointer='external' title='type' subtitle='none' unit='unit' size='medium']<\/div><\/div><\/div><\/div><\/div>","protected":false},"excerpt":{"rendered":"<p>Cabarete tiene la suerte de tener un clima de verano perpetuo con mucho viento. No es tan extra\u00f1o entonces que Cabarete es conocido como la capital de los deportes acu\u00e1ticos de la Rep\u00fablica Dominicana, especialmente por kitesurfistas y windsurfistas que son amantes de este lugar. &nbsp; Bah\u00eda Residence ha colocado un anem\u00f3metro que est\u00e1 conectado [&hellip;]<\/p>\n","protected":false},"author":1,"featured_media":0,"parent":0,"menu_order":0,"comment_status":"closed","ping_status":"closed","template":"","meta":{"footnotes":""},"class_list":["post-14121","page","type-page","status-publish","hentry"],"_links":{"self":[{"href":"https:\/\/www.bahia-cabarete.com\/es\/wp-json\/wp\/v2\/pages\/14121","targetHints":{"allow":["GET"]}}],"collection":[{"href":"https:\/\/www.bahia-cabarete.com\/es\/wp-json\/wp\/v2\/pages"}],"about":[{"href":"https:\/\/www.bahia-cabarete.com\/es\/wp-json\/wp\/v2\/types\/page"}],"author":[{"embeddable":true,"href":"https:\/\/www.bahia-cabarete.com\/es\/wp-json\/wp\/v2\/users\/1"}],"replies":[{"embeddable":true,"href":"https:\/\/www.bahia-cabarete.com\/es\/wp-json\/wp\/v2\/comments?post=14121"}],"version-history":[{"count":0,"href":"https:\/\/www.bahia-cabarete.com\/es\/wp-json\/wp\/v2\/pages\/14121\/revisions"}],"wp:attachment":[{"href":"https:\/\/www.bahia-cabarete.com\/es\/wp-json\/wp\/v2\/media?parent=14121"}],"curies":[{"name":"wp","href":"https:\/\/api.w.org\/{rel}","templated":true}]}}